{"id":148,"date":"2025-07-29T02:06:38","date_gmt":"2025-07-28T23:06:38","guid":{"rendered":"https:\/\/lightsalmon-partridge-472279.hostingersite.com\/?page_id=148"},"modified":"2025-11-03T03:42:58","modified_gmt":"2025-11-03T00:42:58","slug":"contact-us-at","status":"publish","type":"page","link":"https:\/\/radeimo.lt\/en\/susisiekime\/","title":{"rendered":"Contact"},"content":{"rendered":"<div data-elementor-type=\"wp-page\" data-elementor-id=\"148\" class=\"elementor elementor-148\" data-elementor-post-type=\"page\">\n\t\t\t\t<div class=\"elementor-element elementor-element-103dfa0f e-flex e-con-boxed e-con e-parent\" data-id=\"103dfa0f\" data-element_type=\"container\" data-e-type=\"container\">\n\t\t\t\t\t<div class=\"e-con-inner\">\n\t\t\t\t<div class=\"elementor-element elementor-element-25c01f1a elementor-widget elementor-widget-heading\" data-id=\"25c01f1a\" data-element_type=\"widget\" data-e-type=\"widget\" data-widget_type=\"heading.default\">\n\t\t\t\t\t<h2 class=\"elementor-heading-title elementor-size-default\">Page in preparation<\/h2>\t\t\t\t<\/div>\n\t\t\t\t<div class=\"elementor-element elementor-element-49b453c elementor-align-center elementor-widget elementor-widget-lottie\" data-id=\"49b453c\" data-element_type=\"widget\" data-e-type=\"widget\" data-settings=\"{&quot;source_json&quot;:{&quot;url&quot;:&quot;https:\\\/\\\/radeimo.lt\\\/wp-content\\\/uploads\\\/2025\\\/10\\\/Gears-Lottie-Animation.json&quot;,&quot;id&quot;:6468,&quot;size&quot;:&quot;&quot;,&quot;alt&quot;:&quot;&quot;,&quot;source&quot;:&quot;library&quot;},&quot;loop&quot;:&quot;yes&quot;,&quot;source&quot;:&quot;media_file&quot;,&quot;caption_source&quot;:&quot;none&quot;,&quot;link_to&quot;:&quot;none&quot;,&quot;trigger&quot;:&quot;arriving_to_viewport&quot;,&quot;viewport&quot;:{&quot;unit&quot;:&quot;%&quot;,&quot;size&quot;:&quot;&quot;,&quot;sizes&quot;:{&quot;start&quot;:0,&quot;end&quot;:100}},&quot;play_speed&quot;:{&quot;unit&quot;:&quot;px&quot;,&quot;size&quot;:1,&quot;sizes&quot;:[]},&quot;start_point&quot;:{&quot;unit&quot;:&quot;%&quot;,&quot;size&quot;:0,&quot;sizes&quot;:[]},&quot;end_point&quot;:{&quot;unit&quot;:&quot;%&quot;,&quot;size&quot;:100,&quot;sizes&quot;:[]},&quot;renderer&quot;:&quot;svg&quot;}\" data-widget_type=\"lottie.default\">\n\t\t\t\t\t<div class=\"e-lottie__container\"><div class=\"e-lottie__animation\"><\/div><\/div>\t\t\t\t<\/div>\n\t\t\t\t\t<\/div>\n\t\t\t\t<\/div>\n\t\t\t\t<\/div>","protected":false},"excerpt":{"rendered":"<p>Page in preparation<\/p>","protected":false},"author":1,"featured_media":0,"parent":0,"menu_order":0,"comment_status":"closed","ping_status":"closed","template":"elementor_header_footer","meta":{"_acf_changed":false,"footnotes":""},"class_list":["post-148","page","type-page","status-publish","hentry"],"acf":[],"yoast_head":"<!-- This site is optimized with the Yoast SEO Premium plugin v27.0 (Yoast SEO v27.2) - https:\/\/yoast.com\/product\/yoast-seo-premium-wordpress\/ -->\n<title>Susisiekime - Kokyb\u0117, kuri\u0105 klientai jau\u010dia, o Google mato<\/title>\n<meta name=\"robots\" content=\"noindex, follow\" \/>\n<meta property=\"og:locale\" content=\"en_GB\" \/>\n<meta property=\"og:type\" content=\"article\" \/>\n<meta property=\"og:title\" content=\"Susisiekime\" \/>\n<meta property=\"og:description\" content=\"Puslapis ruo\u0161iamas\" \/>\n<meta property=\"og:url\" content=\"https:\/\/radeimo.lt\/en\/contact-us-at\/\" \/>\n<meta property=\"og:site_name\" content=\"Radeimo\" \/>\n<meta property=\"article:publisher\" content=\"http:\/\/facebook.com\/Radeimo\" \/>\n<meta property=\"article:modified_time\" content=\"2025-11-03T00:42:58+00:00\" \/>\n<meta property=\"og:image\" content=\"https:\/\/radeimo.lt\/wp-content\/uploads\/2025\/11\/Radeimo_Solutions.png\" \/>\n\t<meta property=\"og:image:width\" content=\"1200\" \/>\n\t<meta property=\"og:image:height\" content=\"675\" \/>\n\t<meta property=\"og:image:type\" content=\"image\/png\" \/>\n<meta name=\"twitter:card\" content=\"summary_large_image\" \/>\n<meta name=\"twitter:label1\" content=\"Estimated reading time\" \/>\n\t<meta name=\"twitter:data1\" content=\"1 minute\" \/>\n<script type=\"application\/ld+json\" class=\"yoast-schema-graph\">{\"@context\":\"https:\/\/schema.org\",\"@graph\":[{\"@type\":\"WebPage\",\"@id\":\"https:\/\/radeimo.lt\/susisiekime\/\",\"url\":\"https:\/\/radeimo.lt\/susisiekime\/\",\"name\":\"Susisiekime - Kokyb\u0117, kuri\u0105 klientai jau\u010dia, o Google mato\",\"isPartOf\":{\"@id\":\"https:\/\/radeimo.lt\/#website\"},\"datePublished\":\"2025-07-28T23:06:38+00:00\",\"dateModified\":\"2025-11-03T00:42:58+00:00\",\"breadcrumb\":{\"@id\":\"https:\/\/radeimo.lt\/susisiekime\/#breadcrumb\"},\"inLanguage\":\"en-GB\",\"potentialAction\":[{\"@type\":\"ReadAction\",\"target\":[\"https:\/\/radeimo.lt\/susisiekime\/\"]}]},{\"@type\":\"BreadcrumbList\",\"@id\":\"https:\/\/radeimo.lt\/susisiekime\/#breadcrumb\",\"itemListElement\":[{\"@type\":\"ListItem\",\"position\":1,\"name\":\"Prad\u017eia\",\"item\":\"https:\/\/radeimo.lt\/\"},{\"@type\":\"ListItem\",\"position\":2,\"name\":\"Susisiekime\"}]},{\"@type\":\"WebSite\",\"@id\":\"https:\/\/radeimo.lt\/#website\",\"url\":\"https:\/\/radeimo.lt\/\",\"name\":\"Radeimo Solutions\",\"description\":\"Kokyb\u0117, kuri\u0105 klientai jau\u010dia, o Google mato\",\"publisher\":{\"@id\":\"https:\/\/radeimo.lt\/#organization\"},\"alternateName\":\"Radeimo\",\"potentialAction\":[{\"@type\":\"SearchAction\",\"target\":{\"@type\":\"EntryPoint\",\"urlTemplate\":\"https:\/\/radeimo.lt\/?s={search_term_string}\"},\"query-input\":{\"@type\":\"PropertyValueSpecification\",\"valueRequired\":true,\"valueName\":\"search_term_string\"}}],\"inLanguage\":\"en-GB\"},{\"@type\":\"Organization\",\"@id\":\"https:\/\/radeimo.lt\/#organization\",\"name\":\"Radeimo Solutions\",\"alternateName\":\"Radeimo\",\"url\":\"https:\/\/radeimo.lt\/\",\"logo\":{\"@type\":\"ImageObject\",\"inLanguage\":\"en-GB\",\"@id\":\"https:\/\/radeimo.lt\/#\/schema\/logo\/image\/\",\"url\":\"https:\/\/radeimo.lt\/wp-content\/uploads\/2025\/07\/icon.png\",\"contentUrl\":\"https:\/\/radeimo.lt\/wp-content\/uploads\/2025\/07\/icon.png\",\"width\":538,\"height\":536,\"caption\":\"Radeimo Solutions\"},\"image\":{\"@id\":\"https:\/\/radeimo.lt\/#\/schema\/logo\/image\/\"},\"sameAs\":[\"http:\/\/facebook.com\/Radeimo\",\"http:\/\/www.linkedin.com\/in\/gvidasbaltrusaitis\",\"https:\/\/www.tiktok.com\/@radeimosolutions\",\"https:\/\/www.youtube.com\/@Radeimo\",\"https:\/\/www.instagram.com\/radeimosolutions\"],\"description\":\"Radeimo Solutions \u2013 svetaini\u0173 k\u016brimas ir prie\u017ei\u016bra. WordPress, SEO, greitis, saugumas ir patogus valdymas. Nuo id\u0117jos iki rezultato.\",\"email\":\"gvidas@radeimo.lt\",\"telephone\":\"+370 638 18734\",\"legalName\":\"Radeimo Solutions\",\"foundingDate\":\"2024-08-16\",\"numberOfEmployees\":{\"@type\":\"QuantitativeValue\",\"minValue\":\"1\",\"maxValue\":\"10\"}}]}<\/script>\n<!-- \/ Yoast SEO Premium plugin. -->","yoast_head_json":{"title":"Contact - Quality that customers feel and Google sees","robots":{"index":"noindex","follow":"follow"},"og_locale":"en_GB","og_type":"article","og_title":"Susisiekime","og_description":"Puslapis ruo\u0161iamas","og_url":"https:\/\/radeimo.lt\/en\/contact-us-at\/","og_site_name":"Radeimo","article_publisher":"http:\/\/facebook.com\/Radeimo","article_modified_time":"2025-11-03T00:42:58+00:00","og_image":[{"width":1200,"height":675,"url":"https:\/\/radeimo.lt\/wp-content\/uploads\/2025\/11\/Radeimo_Solutions.png","type":"image\/png"}],"twitter_card":"summary_large_image","twitter_misc":{"Estimated reading time":"1 minute"},"schema":{"@context":"https:\/\/schema.org","@graph":[{"@type":"WebPage","@id":"https:\/\/radeimo.lt\/susisiekime\/","url":"https:\/\/radeimo.lt\/susisiekime\/","name":"Contact - Quality that customers feel and Google sees","isPartOf":{"@id":"https:\/\/radeimo.lt\/#website"},"datePublished":"2025-07-28T23:06:38+00:00","dateModified":"2025-11-03T00:42:58+00:00","breadcrumb":{"@id":"https:\/\/radeimo.lt\/susisiekime\/#breadcrumb"},"inLanguage":"en-GB","potentialAction":[{"@type":"ReadAction","target":["https:\/\/radeimo.lt\/susisiekime\/"]}]},{"@type":"BreadcrumbList","@id":"https:\/\/radeimo.lt\/susisiekime\/#breadcrumb","itemListElement":[{"@type":"ListItem","position":1,"name":"Prad\u017eia","item":"https:\/\/radeimo.lt\/"},{"@type":"ListItem","position":2,"name":"Susisiekime"}]},{"@type":"WebSite","@id":"https:\/\/radeimo.lt\/#website","url":"https:\/\/radeimo.lt\/","name":"Radeimo Solutions","description":"Quality felt by clients, seen by Google","publisher":{"@id":"https:\/\/radeimo.lt\/#organization"},"alternateName":"Radeimo","potentialAction":[{"@type":"SearchAction","target":{"@type":"EntryPoint","urlTemplate":"https:\/\/radeimo.lt\/?s={search_term_string}"},"query-input":{"@type":"PropertyValueSpecification","valueRequired":true,"valueName":"search_term_string"}}],"inLanguage":"en-GB"},{"@type":"Organization","@id":"https:\/\/radeimo.lt\/#organization","name":"Radeimo Solutions","alternateName":"Radeimo","url":"https:\/\/radeimo.lt\/","logo":{"@type":"ImageObject","inLanguage":"en-GB","@id":"https:\/\/radeimo.lt\/#\/schema\/logo\/image\/","url":"https:\/\/radeimo.lt\/wp-content\/uploads\/2025\/07\/icon.png","contentUrl":"https:\/\/radeimo.lt\/wp-content\/uploads\/2025\/07\/icon.png","width":538,"height":536,"caption":"Radeimo Solutions"},"image":{"@id":"https:\/\/radeimo.lt\/#\/schema\/logo\/image\/"},"sameAs":["http:\/\/facebook.com\/Radeimo","http:\/\/www.linkedin.com\/in\/gvidasbaltrusaitis","https:\/\/www.tiktok.com\/@radeimosolutions","https:\/\/www.youtube.com\/@Radeimo","https:\/\/www.instagram.com\/radeimosolutions"],"description":"Radeimo Solutions - website development and maintenance. WordPress, SEO, speed, security and easy management. From idea to result.","email":"gvidas@radeimo.lt","telephone":"+370 638 18734","legalName":"Radeimo Solutions","foundingDate":"2024-08-16","numberOfEmployees":{"@type":"QuantitativeValue","minValue":"1","maxValue":"10"}}]}},"_links":{"self":[{"href":"https:\/\/radeimo.lt\/en\/wp-json\/wp\/v2\/pages\/148","targetHints":{"allow":["GET"]}}],"collection":[{"href":"https:\/\/radeimo.lt\/en\/wp-json\/wp\/v2\/pages"}],"about":[{"href":"https:\/\/radeimo.lt\/en\/wp-json\/wp\/v2\/types\/page"}],"author":[{"embeddable":true,"href":"https:\/\/radeimo.lt\/en\/wp-json\/wp\/v2\/users\/1"}],"replies":[{"embeddable":true,"href":"https:\/\/radeimo.lt\/en\/wp-json\/wp\/v2\/comments?post=148"}],"version-history":[{"count":0,"href":"https:\/\/radeimo.lt\/en\/wp-json\/wp\/v2\/pages\/148\/revisions"}],"wp:attachment":[{"href":"https:\/\/radeimo.lt\/en\/wp-json\/wp\/v2\/media?parent=148"}],"curies":[{"name":"wp","href":"https:\/\/api.w.org\/{rel}","templated":true}]}}