{"id":163,"date":"2025-07-29T02:10:24","date_gmt":"2025-07-28T23:10:24","guid":{"rendered":"https:\/\/lightsalmon-partridge-472279.hostingersite.com\/?page_id=163"},"modified":"2025-08-28T22:21:16","modified_gmt":"2025-08-28T19:21:16","slug":"privacy-policy","status":"publish","type":"page","link":"https:\/\/radeimo.lt\/en\/privatumo-politika\/","title":{"rendered":"Privacy Policy"},"content":{"rendered":"<div data-elementor-type=\"wp-page\" data-elementor-id=\"163\" class=\"elementor elementor-163\" data-elementor-post-type=\"page\">\n\t\t\t\t<div class=\"elementor-element elementor-element-51bc9f7 e-flex e-con-boxed e-con e-parent\" data-id=\"51bc9f7\" data-element_type=\"container\" data-e-type=\"container\" data-settings=\"{&quot;background_background&quot;:&quot;gradient&quot;}\">\n\t\t\t\t\t<div class=\"e-con-inner\">\n\t\t<div class=\"elementor-element elementor-element-599417f e-con-full e-flex e-con e-child\" data-id=\"599417f\" data-element_type=\"container\" data-e-type=\"container\">\n\t\t\t\t<div class=\"elementor-element elementor-element-c5aa719 elementor-widget elementor-widget-heading\" data-id=\"c5aa719\" data-element_type=\"widget\" data-e-type=\"widget\" data-widget_type=\"heading.default\">\n\t\t\t\t\t<h1 class=\"elementor-heading-title elementor-size-default\">Privacy Policy<\/h1>\t\t\t\t<\/div>\n\t\t\t\t<div class=\"elementor-element elementor-element-dd592e8 elementor-widget elementor-widget-heading\" data-id=\"dd592e8\" data-element_type=\"widget\" data-e-type=\"widget\" data-widget_type=\"heading.default\">\n\t\t\t\t\t<p class=\"elementor-heading-title elementor-size-default\">Last updated: 2025-07-19<\/p>\t\t\t\t<\/div>\n\t\t\t\t<div class=\"elementor-element elementor-element-528ed89 elementor-widget elementor-widget-text-editor\" data-id=\"528ed89\" data-element_type=\"widget\" data-e-type=\"widget\" data-widget_type=\"text-editor.default\">\n\t\t\t\t\t\t\t\t\t<p><span style=\"color: #b30500;\"><strong>Radeimo Solutions<\/strong><\/span> is committed to protecting the privacy of its customers, website visitors and enquirers. This policy explains what personal data we collect, how and on what basis we use it, how long we keep it and what rights you have under the GDPR (General Data Protection Regulation).<\/p>\t\t\t\t\t\t\t\t<\/div>\n\t\t\t\t<\/div>\n\t\t<div class=\"elementor-element elementor-element-5b0ddda e-con-full e-flex e-con e-child\" data-id=\"5b0ddda\" data-element_type=\"container\" data-e-type=\"container\">\n\t\t\t\t<div class=\"elementor-element elementor-element-a60d275 elementor-widget elementor-widget-heading\" data-id=\"a60d275\" data-element_type=\"widget\" data-e-type=\"widget\" data-widget_type=\"heading.default\">\n\t\t\t\t\t<h2 class=\"elementor-heading-title elementor-size-default\">1. What data do we collect?<\/h2>\t\t\t\t<\/div>\n\t\t\t\t<div class=\"elementor-element elementor-element-308ebd9 elementor-widget elementor-widget-text-editor\" data-id=\"308ebd9\" data-element_type=\"widget\" data-e-type=\"widget\" data-widget_type=\"text-editor.default\">\n\t\t\t\t\t\t\t\t\t<p>We only collect personal data that you provide voluntarily:<br \/>- Name<br \/>- Email address<br \/>- Telephone number (if applicable)<br \/>- Message content, request<\/p><p><br \/>As well as technical data collected automatically:<br \/>- IP address<br \/>- Type of browser used<br \/>- Date, time, duration of visit<\/p>\t\t\t\t\t\t\t\t<\/div>\n\t\t\t\t<\/div>\n\t\t<div class=\"elementor-element elementor-element-0a0ffb3 e-con-full e-flex e-con e-child\" data-id=\"0a0ffb3\" data-element_type=\"container\" data-e-type=\"container\">\n\t\t\t\t<div class=\"elementor-element elementor-element-c6138ff elementor-widget elementor-widget-heading\" data-id=\"c6138ff\" data-element_type=\"widget\" data-e-type=\"widget\" data-widget_type=\"heading.default\">\n\t\t\t\t\t<h2 class=\"elementor-heading-title elementor-size-default\">2. How do we use your data?<\/h2>\t\t\t\t<\/div>\n\t\t\t\t<div class=\"elementor-element elementor-element-eeb4224 elementor-widget elementor-widget-text-editor\" data-id=\"eeb4224\" data-element_type=\"widget\" data-e-type=\"widget\" data-widget_type=\"text-editor.default\">\n\t\t\t\t\t\t\t\t\t<p>- Respond to your queries and messages<br \/>- Provide information about our services<br \/>- Provide suggestions or advice on your request<br \/>- Manage correspondence or cooperation<br \/>We do not use your data for marketing without your consent.<\/p>\t\t\t\t\t\t\t\t<\/div>\n\t\t\t\t<\/div>\n\t\t<div class=\"elementor-element elementor-element-1d15a05 e-con-full e-flex e-con e-child\" data-id=\"1d15a05\" data-element_type=\"container\" data-e-type=\"container\">\n\t\t\t\t<div class=\"elementor-element elementor-element-96966ea elementor-widget elementor-widget-heading\" data-id=\"96966ea\" data-element_type=\"widget\" data-e-type=\"widget\" data-widget_type=\"heading.default\">\n\t\t\t\t\t<h2 class=\"elementor-heading-title elementor-size-default\">3. Cookies and technical information<\/h2>\t\t\t\t<\/div>\n\t\t\t\t<div class=\"elementor-element elementor-element-07307b1 elementor-widget elementor-widget-text-editor\" data-id=\"07307b1\" data-element_type=\"widget\" data-e-type=\"widget\" data-widget_type=\"text-editor.default\">\n\t\t\t\t\t\t\t\t\t<p>We only use essential cookies that are necessary for the functioning, statistics and security of the website.<br \/>We only use advertising and tracking cookies with your explicit consent. For more information on the use of cookies, please visit <a href=\"https:\/\/radeimo.lt\/en\/cookie-policy\/\">Cookie Policy<\/a>.<\/p>\t\t\t\t\t\t\t\t<\/div>\n\t\t\t\t<\/div>\n\t\t<div class=\"elementor-element elementor-element-8d4c083 e-con-full e-flex e-con e-child\" data-id=\"8d4c083\" data-element_type=\"container\" data-e-type=\"container\">\n\t\t\t\t<div class=\"elementor-element elementor-element-06bcdd1 elementor-widget elementor-widget-heading\" data-id=\"06bcdd1\" data-element_type=\"widget\" data-e-type=\"widget\" data-widget_type=\"heading.default\">\n\t\t\t\t\t<h2 class=\"elementor-heading-title elementor-size-default\">4. Legal basis for processing<\/h2>\t\t\t\t<\/div>\n\t\t\t\t<div class=\"elementor-element elementor-element-3bf4c36 elementor-widget elementor-widget-text-editor\" data-id=\"3bf4c36\" data-element_type=\"widget\" data-e-type=\"widget\" data-widget_type=\"text-editor.default\">\n\t\t\t\t\t\t\t\t\t<p>We process your data on the basis of:<br \/>- With your consent<br \/>- Performance of the Treaty<br \/>- Legitimate interest<\/p>\t\t\t\t\t\t\t\t<\/div>\n\t\t\t\t<\/div>\n\t\t<div class=\"elementor-element elementor-element-429794f e-con-full e-flex e-con e-child\" data-id=\"429794f\" data-element_type=\"container\" data-e-type=\"container\">\n\t\t\t\t<div class=\"elementor-element elementor-element-b78d119 elementor-widget elementor-widget-heading\" data-id=\"b78d119\" data-element_type=\"widget\" data-e-type=\"widget\" data-widget_type=\"heading.default\">\n\t\t\t\t\t<h2 class=\"elementor-heading-title elementor-size-default\">5. Data retention period<\/h2>\t\t\t\t<\/div>\n\t\t\t\t<div class=\"elementor-element elementor-element-158f83c elementor-widget elementor-widget-text-editor\" data-id=\"158f83c\" data-element_type=\"widget\" data-e-type=\"widget\" data-widget_type=\"text-editor.default\">\n\t\t\t\t\t\t\t\t\t<p>- Correspondence data - up to 6 months after last communication<br \/>- In the case of cooperation, until the end of the statutory period<\/p>\t\t\t\t\t\t\t\t<\/div>\n\t\t\t\t<\/div>\n\t\t<div class=\"elementor-element elementor-element-7cb523b e-con-full e-flex e-con e-child\" data-id=\"7cb523b\" data-element_type=\"container\" data-e-type=\"container\">\n\t\t\t\t<div class=\"elementor-element elementor-element-9a9b93e elementor-widget elementor-widget-heading\" data-id=\"9a9b93e\" data-element_type=\"widget\" data-e-type=\"widget\" data-widget_type=\"heading.default\">\n\t\t\t\t\t<h2 class=\"elementor-heading-title elementor-size-default\">6. Your rights<\/h2>\t\t\t\t<\/div>\n\t\t\t\t<div class=\"elementor-element elementor-element-ee818c1 elementor-widget elementor-widget-text-editor\" data-id=\"ee818c1\" data-element_type=\"widget\" data-e-type=\"widget\" data-widget_type=\"text-editor.default\">\n\t\t\t\t\t\t\t\t\t<p>You have the right to:<br \/>- Receive information about data processing<br \/>- Require rectification or completion of data<br \/>- Request deletion of your data<br \/>- Restrict or object to processing<br \/>- Transfer data to another controller<br \/>- Contact the State Data Protection Inspectorate<\/p>\t\t\t\t\t\t\t\t<\/div>\n\t\t\t\t<\/div>\n\t\t<div class=\"elementor-element elementor-element-7170ac0 e-con-full e-flex e-con e-child\" data-id=\"7170ac0\" data-element_type=\"container\" data-e-type=\"container\">\n\t\t\t\t<div class=\"elementor-element elementor-element-1480831 elementor-widget elementor-widget-heading\" data-id=\"1480831\" data-element_type=\"widget\" data-e-type=\"widget\" data-widget_type=\"heading.default\">\n\t\t\t\t\t<h2 class=\"elementor-heading-title elementor-size-default\">7. Data transmission<\/h2>\t\t\t\t<\/div>\n\t\t\t\t<div class=\"elementor-element elementor-element-16ed10e elementor-widget elementor-widget-text-editor\" data-id=\"16ed10e\" data-element_type=\"widget\" data-e-type=\"widget\" data-widget_type=\"text-editor.default\">\n\t\t\t\t\t\t\t\t\t<p>Your data is not passed on to third parties without your consent, except as provided by law or as necessary for the provision of a service.<\/p>\t\t\t\t\t\t\t\t<\/div>\n\t\t\t\t<\/div>\n\t\t<div class=\"elementor-element elementor-element-eff7e1d e-con-full e-flex e-con e-child\" data-id=\"eff7e1d\" data-element_type=\"container\" data-e-type=\"container\">\n\t\t\t\t<div class=\"elementor-element elementor-element-5815ad4 elementor-widget elementor-widget-heading\" data-id=\"5815ad4\" data-element_type=\"widget\" data-e-type=\"widget\" data-widget_type=\"heading.default\">\n\t\t\t\t\t<h2 class=\"elementor-heading-title elementor-size-default\">8. Changes to the Privacy Policy<\/h2>\t\t\t\t<\/div>\n\t\t\t\t<div class=\"elementor-element elementor-element-f0c5ee8 elementor-widget elementor-widget-text-editor\" data-id=\"f0c5ee8\" data-element_type=\"widget\" data-e-type=\"widget\" data-widget_type=\"text-editor.default\">\n\t\t\t\t\t\t\t\t\t<p>The latest version is always published on the website <a href=\"https:\/\/radeimo.lt\/en\/\">www.radeimo.lt<\/a><br \/>We will always notify you of material changes to this privacy policy by email if you are our customer or have provided your contact details.<\/p>\t\t\t\t\t\t\t\t<\/div>\n\t\t\t\t<\/div>\n\t\t<div class=\"elementor-element elementor-element-1d81d56 e-con-full e-flex e-con e-child\" data-id=\"1d81d56\" data-element_type=\"container\" data-e-type=\"container\">\n\t\t\t\t<div class=\"elementor-element elementor-element-af3edc8 elementor-widget elementor-widget-heading\" data-id=\"af3edc8\" data-element_type=\"widget\" data-e-type=\"widget\" data-widget_type=\"heading.default\">\n\t\t\t\t\t<h2 class=\"elementor-heading-title elementor-size-default\">Contact for privacy issues<\/h2>\t\t\t\t<\/div>\n\t\t\t\t<div class=\"elementor-element elementor-element-ea08beb elementor-widget elementor-widget-text-editor\" data-id=\"ea08beb\" data-element_type=\"widget\" data-e-type=\"widget\" data-widget_type=\"text-editor.default\">\n\t\t\t\t\t\t\t\t\t<p><span style=\"color: #b30500;\"><strong>Radeimo Solutions<\/strong><\/span><br \/>E-mail: info@radeimo.lt<br \/>Tel: +370 638 18734<\/p>\t\t\t\t\t\t\t\t<\/div>\n\t\t\t\t<\/div>\n\t\t<div class=\"elementor-element elementor-element-942f0da e-con-full e-flex e-con e-child\" data-id=\"942f0da\" data-element_type=\"container\" data-e-type=\"container\">\n\t\t\t\t<\/div>\n\t\t\t\t\t<\/div>\n\t\t\t\t<\/div>\n\t\t\t\t<\/div>","protected":false},"excerpt":{"rendered":"<p>Privatumo politika Paskutin\u012f kart\u0105 atnaujinta: 2025-07-19 Radeimo Solutions \u012fsipareigoja saugoti klient\u0173, svetain\u0117s lankytoj\u0173 ir u\u017eklaus\u0173 teik\u0117j\u0173 privatum\u0105. \u0160ioje politikoje paai\u0161kiname, kokius asmens duomenis renkame, kaip ir kokiu pagrindu juos naudojame, kiek laiko saugome ir kokias turite teises pagal BDAR (Bendrasis duomen\u0173 apsaugos reglamentas). 1. Kokius duomenis renkame? Renkame tik tuos asmens duomenis, kuriuos pateikiate savanori\u0161kai:\u2022 [&hellip;]<\/p>\n","protected":false},"author":1,"featured_media":0,"parent":0,"menu_order":0,"comment_status":"closed","ping_status":"closed","template":"elementor_header_footer","meta":{"_acf_changed":false,"footnotes":""},"class_list":["post-163","page","type-page","status-publish","hentry"],"acf":[],"yoast_head":"<!-- This site is optimized with the Yoast SEO Premium plugin v27.0 (Yoast SEO v27.2) - https:\/\/yoast.com\/product\/yoast-seo-premium-wordpress\/ -->\n<title>Privatumo politika \u2013 kokie duomenys renkami ir saugomi<\/title>\n<meta name=\"description\" content=\"Privatumo politika: kaip renkami, naudojami ir saugomi j\u016bs\u0173 asmens duomenis pagal BDAR. Su\u017einokite savo teises ir duomen\u0173 saugojimo tvark\u0105.\" \/>\n<meta name=\"robots\" content=\"index, follow, max-snippet:-1, max-image-preview:large, max-video-preview:-1\" \/>\n<link rel=\"canonical\" href=\"https:\/\/radeimo.lt\/en\/privacy-policy\/\" \/>\n<meta property=\"og:locale\" content=\"en_GB\" \/>\n<meta property=\"og:type\" content=\"article\" \/>\n<meta property=\"og:title\" content=\"Privatumo politika\" \/>\n<meta property=\"og:description\" content=\"Privatumo politika: kaip renkami, naudojami ir saugomi j\u016bs\u0173 asmens duomenis pagal BDAR. Su\u017einokite savo teises ir duomen\u0173 saugojimo tvark\u0105.\" \/>\n<meta property=\"og:url\" content=\"https:\/\/radeimo.lt\/en\/privacy-policy\/\" \/>\n<meta property=\"og:site_name\" content=\"Radeimo\" \/>\n<meta property=\"article:publisher\" content=\"http:\/\/facebook.com\/Radeimo\" \/>\n<meta property=\"article:modified_time\" content=\"2025-08-28T19:21:16+00:00\" \/>\n<meta property=\"og:image\" content=\"https:\/\/radeimo.lt\/wp-content\/uploads\/2025\/11\/Radeimo_Solutions.png\" \/>\n\t<meta property=\"og:image:width\" content=\"1200\" \/>\n\t<meta property=\"og:image:height\" content=\"675\" \/>\n\t<meta property=\"og:image:type\" content=\"image\/png\" \/>\n<meta name=\"twitter:card\" content=\"summary_large_image\" \/>\n<meta name=\"twitter:label1\" content=\"Estimated reading time\" \/>\n\t<meta name=\"twitter:data1\" content=\"2 minutes\" \/>\n<script type=\"application\/ld+json\" class=\"yoast-schema-graph\">{\"@context\":\"https:\/\/schema.org\",\"@graph\":[{\"@type\":\"WebPage\",\"@id\":\"https:\/\/radeimo.lt\/privatumo-politika\/\",\"url\":\"https:\/\/radeimo.lt\/privatumo-politika\/\",\"name\":\"Privatumo politika \u2013 kokie duomenys renkami ir saugomi\",\"isPartOf\":{\"@id\":\"https:\/\/radeimo.lt\/#website\"},\"datePublished\":\"2025-07-28T23:10:24+00:00\",\"dateModified\":\"2025-08-28T19:21:16+00:00\",\"description\":\"Privatumo politika: kaip renkami, naudojami ir saugomi j\u016bs\u0173 asmens duomenis pagal BDAR. Su\u017einokite savo teises ir duomen\u0173 saugojimo tvark\u0105.\",\"breadcrumb\":{\"@id\":\"https:\/\/radeimo.lt\/privatumo-politika\/#breadcrumb\"},\"inLanguage\":\"en-GB\",\"potentialAction\":[{\"@type\":\"ReadAction\",\"target\":[\"https:\/\/radeimo.lt\/privatumo-politika\/\"]}]},{\"@type\":\"BreadcrumbList\",\"@id\":\"https:\/\/radeimo.lt\/privatumo-politika\/#breadcrumb\",\"itemListElement\":[{\"@type\":\"ListItem\",\"position\":1,\"name\":\"Prad\u017eia\",\"item\":\"https:\/\/radeimo.lt\/\"},{\"@type\":\"ListItem\",\"position\":2,\"name\":\"Privatumo politika\"}]},{\"@type\":\"WebSite\",\"@id\":\"https:\/\/radeimo.lt\/#website\",\"url\":\"https:\/\/radeimo.lt\/\",\"name\":\"Radeimo Solutions\",\"description\":\"Kokyb\u0117, kuri\u0105 klientai jau\u010dia, o Google mato\",\"publisher\":{\"@id\":\"https:\/\/radeimo.lt\/#organization\"},\"alternateName\":\"Radeimo\",\"potentialAction\":[{\"@type\":\"SearchAction\",\"target\":{\"@type\":\"EntryPoint\",\"urlTemplate\":\"https:\/\/radeimo.lt\/?s={search_term_string}\"},\"query-input\":{\"@type\":\"PropertyValueSpecification\",\"valueRequired\":true,\"valueName\":\"search_term_string\"}}],\"inLanguage\":\"en-GB\"},{\"@type\":\"Organization\",\"@id\":\"https:\/\/radeimo.lt\/#organization\",\"name\":\"Radeimo Solutions\",\"alternateName\":\"Radeimo\",\"url\":\"https:\/\/radeimo.lt\/\",\"logo\":{\"@type\":\"ImageObject\",\"inLanguage\":\"en-GB\",\"@id\":\"https:\/\/radeimo.lt\/#\/schema\/logo\/image\/\",\"url\":\"https:\/\/radeimo.lt\/wp-content\/uploads\/2025\/07\/icon.png\",\"contentUrl\":\"https:\/\/radeimo.lt\/wp-content\/uploads\/2025\/07\/icon.png\",\"width\":538,\"height\":536,\"caption\":\"Radeimo Solutions\"},\"image\":{\"@id\":\"https:\/\/radeimo.lt\/#\/schema\/logo\/image\/\"},\"sameAs\":[\"http:\/\/facebook.com\/Radeimo\",\"http:\/\/www.linkedin.com\/in\/gvidasbaltrusaitis\",\"https:\/\/www.tiktok.com\/@radeimosolutions\",\"https:\/\/www.youtube.com\/@Radeimo\",\"https:\/\/www.instagram.com\/radeimosolutions\"],\"description\":\"Radeimo Solutions \u2013 svetaini\u0173 k\u016brimas ir prie\u017ei\u016bra. WordPress, SEO, greitis, saugumas ir patogus valdymas. Nuo id\u0117jos iki rezultato.\",\"email\":\"gvidas@radeimo.lt\",\"telephone\":\"+370 638 18734\",\"legalName\":\"Radeimo Solutions\",\"foundingDate\":\"2024-08-16\",\"numberOfEmployees\":{\"@type\":\"QuantitativeValue\",\"minValue\":\"1\",\"maxValue\":\"10\"}}]}<\/script>\n<!-- \/ Yoast SEO Premium plugin. -->","yoast_head_json":{"title":"Privacy policy - what data is collected and stored","description":"Privacy policy: how your personal data is collected, used and stored under the GDPR. Find out your rights and data retention practices.","robots":{"index":"index","follow":"follow","max-snippet":"max-snippet:-1","max-image-preview":"max-image-preview:large","max-video-preview":"max-video-preview:-1"},"canonical":"https:\/\/radeimo.lt\/en\/privacy-policy\/","og_locale":"en_GB","og_type":"article","og_title":"Privatumo politika","og_description":"Privatumo politika: kaip renkami, naudojami ir saugomi j\u016bs\u0173 asmens duomenis pagal BDAR. Su\u017einokite savo teises ir duomen\u0173 saugojimo tvark\u0105.","og_url":"https:\/\/radeimo.lt\/en\/privacy-policy\/","og_site_name":"Radeimo","article_publisher":"http:\/\/facebook.com\/Radeimo","article_modified_time":"2025-08-28T19:21:16+00:00","og_image":[{"width":1200,"height":675,"url":"https:\/\/radeimo.lt\/wp-content\/uploads\/2025\/11\/Radeimo_Solutions.png","type":"image\/png"}],"twitter_card":"summary_large_image","twitter_misc":{"Estimated reading time":"2 minutes"},"schema":{"@context":"https:\/\/schema.org","@graph":[{"@type":"WebPage","@id":"https:\/\/radeimo.lt\/privatumo-politika\/","url":"https:\/\/radeimo.lt\/privatumo-politika\/","name":"Privacy policy - what data is collected and stored","isPartOf":{"@id":"https:\/\/radeimo.lt\/#website"},"datePublished":"2025-07-28T23:10:24+00:00","dateModified":"2025-08-28T19:21:16+00:00","description":"Privacy policy: how your personal data is collected, used and stored under the GDPR. Find out your rights and data retention practices.","breadcrumb":{"@id":"https:\/\/radeimo.lt\/privatumo-politika\/#breadcrumb"},"inLanguage":"en-GB","potentialAction":[{"@type":"ReadAction","target":["https:\/\/radeimo.lt\/privatumo-politika\/"]}]},{"@type":"BreadcrumbList","@id":"https:\/\/radeimo.lt\/privatumo-politika\/#breadcrumb","itemListElement":[{"@type":"ListItem","position":1,"name":"Prad\u017eia","item":"https:\/\/radeimo.lt\/"},{"@type":"ListItem","position":2,"name":"Privatumo politika"}]},{"@type":"WebSite","@id":"https:\/\/radeimo.lt\/#website","url":"https:\/\/radeimo.lt\/","name":"Radeimo Solutions","description":"Quality felt by clients, seen by Google","publisher":{"@id":"https:\/\/radeimo.lt\/#organization"},"alternateName":"Radeimo","potentialAction":[{"@type":"SearchAction","target":{"@type":"EntryPoint","urlTemplate":"https:\/\/radeimo.lt\/?s={search_term_string}"},"query-input":{"@type":"PropertyValueSpecification","valueRequired":true,"valueName":"search_term_string"}}],"inLanguage":"en-GB"},{"@type":"Organization","@id":"https:\/\/radeimo.lt\/#organization","name":"Radeimo Solutions","alternateName":"Radeimo","url":"https:\/\/radeimo.lt\/","logo":{"@type":"ImageObject","inLanguage":"en-GB","@id":"https:\/\/radeimo.lt\/#\/schema\/logo\/image\/","url":"https:\/\/radeimo.lt\/wp-content\/uploads\/2025\/07\/icon.png","contentUrl":"https:\/\/radeimo.lt\/wp-content\/uploads\/2025\/07\/icon.png","width":538,"height":536,"caption":"Radeimo Solutions"},"image":{"@id":"https:\/\/radeimo.lt\/#\/schema\/logo\/image\/"},"sameAs":["http:\/\/facebook.com\/Radeimo","http:\/\/www.linkedin.com\/in\/gvidasbaltrusaitis","https:\/\/www.tiktok.com\/@radeimosolutions","https:\/\/www.youtube.com\/@Radeimo","https:\/\/www.instagram.com\/radeimosolutions"],"description":"Radeimo Solutions - website development and maintenance. WordPress, SEO, speed, security and easy management. From idea to result.","email":"gvidas@radeimo.lt","telephone":"+370 638 18734","legalName":"Radeimo Solutions","foundingDate":"2024-08-16","numberOfEmployees":{"@type":"QuantitativeValue","minValue":"1","maxValue":"10"}}]}},"_links":{"self":[{"href":"https:\/\/radeimo.lt\/en\/wp-json\/wp\/v2\/pages\/163","targetHints":{"allow":["GET"]}}],"collection":[{"href":"https:\/\/radeimo.lt\/en\/wp-json\/wp\/v2\/pages"}],"about":[{"href":"https:\/\/radeimo.lt\/en\/wp-json\/wp\/v2\/types\/page"}],"author":[{"embeddable":true,"href":"https:\/\/radeimo.lt\/en\/wp-json\/wp\/v2\/users\/1"}],"replies":[{"embeddable":true,"href":"https:\/\/radeimo.lt\/en\/wp-json\/wp\/v2\/comments?post=163"}],"version-history":[{"count":0,"href":"https:\/\/radeimo.lt\/en\/wp-json\/wp\/v2\/pages\/163\/revisions"}],"wp:attachment":[{"href":"https:\/\/radeimo.lt\/en\/wp-json\/wp\/v2\/media?parent=163"}],"curies":[{"name":"wp","href":"https:\/\/api.w.org\/{rel}","templated":true}]}}