{"id":183,"date":"2025-07-29T02:12:22","date_gmt":"2025-07-28T23:12:22","guid":{"rendered":"https:\/\/lightsalmon-partridge-472279.hostingersite.com\/?page_id=183"},"modified":"2025-08-29T02:31:44","modified_gmt":"2025-08-28T23:31:44","slug":"all-rights-reserved","status":"publish","type":"page","link":"https:\/\/radeimo.lt\/en\/visos-teises-saugomos\/","title":{"rendered":"All rights reserved"},"content":{"rendered":"<div data-elementor-type=\"wp-page\" data-elementor-id=\"183\" class=\"elementor elementor-183\" data-elementor-post-type=\"page\">\n\t\t\t\t<div class=\"elementor-element elementor-element-c98a465 e-flex e-con-boxed e-con e-parent\" data-id=\"c98a465\" data-element_type=\"container\" data-e-type=\"container\" data-settings=\"{&quot;background_background&quot;:&quot;gradient&quot;}\">\n\t\t\t\t\t<div class=\"e-con-inner\">\n\t\t<div class=\"elementor-element elementor-element-8115eb0 e-con-full e-flex e-con e-child\" data-id=\"8115eb0\" data-element_type=\"container\" data-e-type=\"container\">\n\t\t\t\t<div class=\"elementor-element elementor-element-257fbad elementor-widget elementor-widget-heading\" data-id=\"257fbad\" data-element_type=\"widget\" data-e-type=\"widget\" data-widget_type=\"heading.default\">\n\t\t\t\t\t<h1 class=\"elementor-heading-title elementor-size-default\">All rights reserved<\/h1>\t\t\t\t<\/div>\n\t\t\t\t<div class=\"elementor-element elementor-element-48a46fd elementor-widget elementor-widget-heading\" data-id=\"48a46fd\" data-element_type=\"widget\" data-e-type=\"widget\" data-widget_type=\"heading.default\">\n\t\t\t\t\t<p class=\"elementor-heading-title elementor-size-default\">Last update: 2025-07-16<\/p>\t\t\t\t<\/div>\n\t\t\t\t<div class=\"elementor-element elementor-element-30030eb elementor-widget elementor-widget-text-editor\" data-id=\"30030eb\" data-element_type=\"widget\" data-e-type=\"widget\" data-widget_type=\"text-editor.default\">\n\t\t\t\t\t\t\t\t\t<p>Website <a href=\"https:\/\/radeimo.lt\/en\/\"><strong>www.radeimo.lt<\/strong><\/a> is the property of Radeimo Solutions.<\/p><p>Radeimo Solutions strives to ensure that all information on the website is accurate, relevant and useful to visitors. However, we do not guarantee that the information provided will always be completely accurate, free from technical errors or delays in updates. We are therefore not liable for any direct or indirect damages arising from the use of the information on this website.<\/p>\t\t\t\t\t\t\t\t<\/div>\n\t\t\t\t<\/div>\n\t\t<div class=\"elementor-element elementor-element-062cb2f e-con-full e-flex e-con e-child\" data-id=\"062cb2f\" data-element_type=\"container\" data-e-type=\"container\">\n\t\t\t\t<div class=\"elementor-element elementor-element-ed0127b elementor-widget elementor-widget-heading\" data-id=\"ed0127b\" data-element_type=\"widget\" data-e-type=\"widget\" data-widget_type=\"heading.default\">\n\t\t\t\t\t<h2 class=\"elementor-heading-title elementor-size-default\">1. Intellectual property<\/h2>\t\t\t\t<\/div>\n\t\t\t\t<div class=\"elementor-element elementor-element-af72528 elementor-widget elementor-widget-text-editor\" data-id=\"af72528\" data-element_type=\"widget\" data-e-type=\"widget\" data-widget_type=\"text-editor.default\">\n\t\t\t\t\t\t\t\t\t<p>Entire website <a href=\"https:\/\/radeimo.lt\/en\/\"><strong>www.radeimo.lt<\/strong><\/a> the material (text, photographs, logos, designs, videos) provided is the property of Radeimo Solutions or is legally used under licence.<\/p><p>It is prohibited without the written consent of Radeimo Solutions:<\/p><ul><li>Copy, reproduce or distribute the content of the website<\/li><li>Use for commercial, promotional or other distribution purposes<\/li><li>Publish on another website or in the media<\/li><\/ul><p>\u00a0<\/p><p>If authorisation is granted, the source must be clearly identified - <a href=\"https:\/\/radeimo.lt\/en\/\"><strong>www.radeimo.lt<\/strong><\/a><\/p>\t\t\t\t\t\t\t\t<\/div>\n\t\t\t\t<\/div>\n\t\t<div class=\"elementor-element elementor-element-aa5d27d e-con-full e-flex e-con e-child\" data-id=\"aa5d27d\" data-element_type=\"container\" data-e-type=\"container\">\n\t\t\t\t<div class=\"elementor-element elementor-element-fa6cebf elementor-widget elementor-widget-heading\" data-id=\"fa6cebf\" data-element_type=\"widget\" data-e-type=\"widget\" data-widget_type=\"heading.default\">\n\t\t\t\t\t<h2 class=\"elementor-heading-title elementor-size-default\">2. Authorisation<\/h2>\t\t\t\t<\/div>\n\t\t\t\t<div class=\"elementor-element elementor-element-0e1cd4b elementor-widget elementor-widget-text-editor\" data-id=\"0e1cd4b\" data-element_type=\"widget\" data-e-type=\"widget\" data-widget_type=\"text-editor.default\">\n\t\t\t\t\t\t\t\t\t<p>If you wish to use the content of our website, or any part of it, please contact us at: info@radeimo.lt<\/p>\t\t\t\t\t\t\t\t<\/div>\n\t\t\t\t<\/div>\n\t\t<div class=\"elementor-element elementor-element-7bc3ed1 e-con-full e-flex e-con e-child\" data-id=\"7bc3ed1\" data-element_type=\"container\" data-e-type=\"container\">\n\t\t\t\t<div class=\"elementor-element elementor-element-2df8b2b elementor-widget elementor-widget-heading\" data-id=\"2df8b2b\" data-element_type=\"widget\" data-e-type=\"widget\" data-widget_type=\"heading.default\">\n\t\t\t\t\t<h2 class=\"elementor-heading-title elementor-size-default\">3. Links to third party websites<\/h2>\t\t\t\t<\/div>\n\t\t\t\t<div class=\"elementor-element elementor-element-de4f951 elementor-widget elementor-widget-text-editor\" data-id=\"de4f951\" data-element_type=\"widget\" data-e-type=\"widget\" data-widget_type=\"text-editor.default\">\n\t\t\t\t\t\t\t\t\t<p>The Website may contain links to third party websites or sources.<br \/>Radeimo Solutions is not responsible for the content, accuracy or security of these external sites and has no control over them.<\/p>\t\t\t\t\t\t\t\t<\/div>\n\t\t\t\t<\/div>\n\t\t<div class=\"elementor-element elementor-element-3d7f192 e-con-full e-flex e-con e-child\" data-id=\"3d7f192\" data-element_type=\"container\" data-e-type=\"container\">\n\t\t\t\t<\/div>\n\t\t\t\t\t<\/div>\n\t\t\t\t<\/div>\n\t\t\t\t<\/div>","protected":false},"excerpt":{"rendered":"<p>Visos teis\u0117s saugomos Paskutin\u012f kart\u0105 atnaujinta: 2025-07-16 Svetain\u0117 www.radeimo.lt yra Radeimo Solutions nuosavyb\u0117. Radeimo Solutions siekia, kad visa informacija svetain\u0117je b\u016bt\u0173 tiksli, aktuali ir naudinga lankytojams. Ta\u010diau negarantuojame, kad pateikiama informacija visuomet bus visi\u0161kai tiksli, be technini\u0173 klaid\u0173 ar atnaujinim\u0173 v\u0117lavimo. Tod\u0117l nesame atsakingi u\u017e bet kokius tiesioginius ar netiesioginius nuostolius, kilusius naudojantis \u0161ioje svetain\u0117je [&hellip;]<\/p>\n","protected":false},"author":1,"featured_media":0,"parent":0,"menu_order":0,"comment_status":"closed","ping_status":"closed","template":"elementor_header_footer","meta":{"_acf_changed":false,"footnotes":""},"class_list":["post-183","page","type-page","status-publish","hentry"],"acf":[],"yoast_head":"<!-- This site is optimized with the Yoast SEO Premium plugin v27.0 (Yoast SEO v27.2) - https:\/\/yoast.com\/product\/yoast-seo-premium-wordpress\/ -->\n<title>Visos teis\u0117s saugomos \u2013 intelektin\u0117 nuosavyb\u0117<\/title>\n<meta name=\"description\" content=\"Visos teis\u0117s saugomos: svetain\u0117je pateikta med\u017eiaga, intelektin\u0117 nuosavyb\u0117 ir nuorodos \u012f tre\u010di\u0173j\u0173 \u0161ali\u0173 tinklalapius.\" \/>\n<meta name=\"robots\" content=\"index, follow, max-snippet:-1, max-image-preview:large, max-video-preview:-1\" \/>\n<link rel=\"canonical\" href=\"https:\/\/radeimo.lt\/en\/all-rights-reserved\/\" \/>\n<meta property=\"og:locale\" content=\"en_GB\" \/>\n<meta property=\"og:type\" content=\"article\" \/>\n<meta property=\"og:title\" content=\"Visos teis\u0117s saugomos\" \/>\n<meta property=\"og:description\" content=\"Visos teis\u0117s saugomos: svetain\u0117je pateikta med\u017eiaga, intelektin\u0117 nuosavyb\u0117 ir nuorodos \u012f tre\u010di\u0173j\u0173 \u0161ali\u0173 tinklalapius.\" \/>\n<meta property=\"og:url\" content=\"https:\/\/radeimo.lt\/en\/all-rights-reserved\/\" \/>\n<meta property=\"og:site_name\" content=\"Radeimo\" \/>\n<meta property=\"article:publisher\" content=\"http:\/\/facebook.com\/Radeimo\" \/>\n<meta property=\"article:modified_time\" content=\"2025-08-28T23:31:44+00:00\" \/>\n<meta property=\"og:image\" content=\"https:\/\/radeimo.lt\/wp-content\/uploads\/2025\/11\/Radeimo_Solutions.png\" \/>\n\t<meta property=\"og:image:width\" content=\"1200\" \/>\n\t<meta property=\"og:image:height\" content=\"675\" \/>\n\t<meta property=\"og:image:type\" content=\"image\/png\" \/>\n<meta name=\"twitter:card\" content=\"summary_large_image\" \/>\n<meta name=\"twitter:label1\" content=\"Estimated reading time\" \/>\n\t<meta name=\"twitter:data1\" content=\"1 minute\" \/>\n<script type=\"application\/ld+json\" class=\"yoast-schema-graph\">{\"@context\":\"https:\/\/schema.org\",\"@graph\":[{\"@type\":\"WebPage\",\"@id\":\"https:\/\/radeimo.lt\/visos-teises-saugomos\/\",\"url\":\"https:\/\/radeimo.lt\/visos-teises-saugomos\/\",\"name\":\"Visos teis\u0117s saugomos \u2013 intelektin\u0117 nuosavyb\u0117\",\"isPartOf\":{\"@id\":\"https:\/\/radeimo.lt\/#website\"},\"datePublished\":\"2025-07-28T23:12:22+00:00\",\"dateModified\":\"2025-08-28T23:31:44+00:00\",\"description\":\"Visos teis\u0117s saugomos: svetain\u0117je pateikta med\u017eiaga, intelektin\u0117 nuosavyb\u0117 ir nuorodos \u012f tre\u010di\u0173j\u0173 \u0161ali\u0173 tinklalapius.\",\"breadcrumb\":{\"@id\":\"https:\/\/radeimo.lt\/visos-teises-saugomos\/#breadcrumb\"},\"inLanguage\":\"en-GB\",\"potentialAction\":[{\"@type\":\"ReadAction\",\"target\":[\"https:\/\/radeimo.lt\/visos-teises-saugomos\/\"]}]},{\"@type\":\"BreadcrumbList\",\"@id\":\"https:\/\/radeimo.lt\/visos-teises-saugomos\/#breadcrumb\",\"itemListElement\":[{\"@type\":\"ListItem\",\"position\":1,\"name\":\"Prad\u017eia\",\"item\":\"https:\/\/radeimo.lt\/\"},{\"@type\":\"ListItem\",\"position\":2,\"name\":\"Visos teis\u0117s saugomos\"}]},{\"@type\":\"WebSite\",\"@id\":\"https:\/\/radeimo.lt\/#website\",\"url\":\"https:\/\/radeimo.lt\/\",\"name\":\"Radeimo Solutions\",\"description\":\"Kokyb\u0117, kuri\u0105 klientai jau\u010dia, o Google mato\",\"publisher\":{\"@id\":\"https:\/\/radeimo.lt\/#organization\"},\"alternateName\":\"Radeimo\",\"potentialAction\":[{\"@type\":\"SearchAction\",\"target\":{\"@type\":\"EntryPoint\",\"urlTemplate\":\"https:\/\/radeimo.lt\/?s={search_term_string}\"},\"query-input\":{\"@type\":\"PropertyValueSpecification\",\"valueRequired\":true,\"valueName\":\"search_term_string\"}}],\"inLanguage\":\"en-GB\"},{\"@type\":\"Organization\",\"@id\":\"https:\/\/radeimo.lt\/#organization\",\"name\":\"Radeimo Solutions\",\"alternateName\":\"Radeimo\",\"url\":\"https:\/\/radeimo.lt\/\",\"logo\":{\"@type\":\"ImageObject\",\"inLanguage\":\"en-GB\",\"@id\":\"https:\/\/radeimo.lt\/#\/schema\/logo\/image\/\",\"url\":\"https:\/\/radeimo.lt\/wp-content\/uploads\/2025\/07\/icon.png\",\"contentUrl\":\"https:\/\/radeimo.lt\/wp-content\/uploads\/2025\/07\/icon.png\",\"width\":538,\"height\":536,\"caption\":\"Radeimo Solutions\"},\"image\":{\"@id\":\"https:\/\/radeimo.lt\/#\/schema\/logo\/image\/\"},\"sameAs\":[\"http:\/\/facebook.com\/Radeimo\",\"http:\/\/www.linkedin.com\/in\/gvidasbaltrusaitis\",\"https:\/\/www.tiktok.com\/@radeimosolutions\",\"https:\/\/www.youtube.com\/@Radeimo\",\"https:\/\/www.instagram.com\/radeimosolutions\"],\"description\":\"Radeimo Solutions \u2013 svetaini\u0173 k\u016brimas ir prie\u017ei\u016bra. WordPress, SEO, greitis, saugumas ir patogus valdymas. Nuo id\u0117jos iki rezultato.\",\"email\":\"gvidas@radeimo.lt\",\"telephone\":\"+370 638 18734\",\"legalName\":\"Radeimo Solutions\",\"foundingDate\":\"2024-08-16\",\"numberOfEmployees\":{\"@type\":\"QuantitativeValue\",\"minValue\":\"1\",\"maxValue\":\"10\"}}]}<\/script>\n<!-- \/ Yoast SEO Premium plugin. -->","yoast_head_json":{"title":"All rights reserved - intellectual property","description":"All rights reserved: material on the website, intellectual property and links to third party websites.","robots":{"index":"index","follow":"follow","max-snippet":"max-snippet:-1","max-image-preview":"max-image-preview:large","max-video-preview":"max-video-preview:-1"},"canonical":"https:\/\/radeimo.lt\/en\/all-rights-reserved\/","og_locale":"en_GB","og_type":"article","og_title":"Visos teis\u0117s saugomos","og_description":"Visos teis\u0117s saugomos: svetain\u0117je pateikta med\u017eiaga, intelektin\u0117 nuosavyb\u0117 ir nuorodos \u012f tre\u010di\u0173j\u0173 \u0161ali\u0173 tinklalapius.","og_url":"https:\/\/radeimo.lt\/en\/all-rights-reserved\/","og_site_name":"Radeimo","article_publisher":"http:\/\/facebook.com\/Radeimo","article_modified_time":"2025-08-28T23:31:44+00:00","og_image":[{"width":1200,"height":675,"url":"https:\/\/radeimo.lt\/wp-content\/uploads\/2025\/11\/Radeimo_Solutions.png","type":"image\/png"}],"twitter_card":"summary_large_image","twitter_misc":{"Estimated reading time":"1 minute"},"schema":{"@context":"https:\/\/schema.org","@graph":[{"@type":"WebPage","@id":"https:\/\/radeimo.lt\/visos-teises-saugomos\/","url":"https:\/\/radeimo.lt\/visos-teises-saugomos\/","name":"All rights reserved - intellectual property","isPartOf":{"@id":"https:\/\/radeimo.lt\/#website"},"datePublished":"2025-07-28T23:12:22+00:00","dateModified":"2025-08-28T23:31:44+00:00","description":"All rights reserved: material on the website, intellectual property and links to third party websites.","breadcrumb":{"@id":"https:\/\/radeimo.lt\/visos-teises-saugomos\/#breadcrumb"},"inLanguage":"en-GB","potentialAction":[{"@type":"ReadAction","target":["https:\/\/radeimo.lt\/visos-teises-saugomos\/"]}]},{"@type":"BreadcrumbList","@id":"https:\/\/radeimo.lt\/visos-teises-saugomos\/#breadcrumb","itemListElement":[{"@type":"ListItem","position":1,"name":"Prad\u017eia","item":"https:\/\/radeimo.lt\/"},{"@type":"ListItem","position":2,"name":"Visos teis\u0117s saugomos"}]},{"@type":"WebSite","@id":"https:\/\/radeimo.lt\/#website","url":"https:\/\/radeimo.lt\/","name":"Radeimo Solutions","description":"Quality felt by clients, seen by Google","publisher":{"@id":"https:\/\/radeimo.lt\/#organization"},"alternateName":"Radeimo","potentialAction":[{"@type":"SearchAction","target":{"@type":"EntryPoint","urlTemplate":"https:\/\/radeimo.lt\/?s={search_term_string}"},"query-input":{"@type":"PropertyValueSpecification","valueRequired":true,"valueName":"search_term_string"}}],"inLanguage":"en-GB"},{"@type":"Organization","@id":"https:\/\/radeimo.lt\/#organization","name":"Radeimo Solutions","alternateName":"Radeimo","url":"https:\/\/radeimo.lt\/","logo":{"@type":"ImageObject","inLanguage":"en-GB","@id":"https:\/\/radeimo.lt\/#\/schema\/logo\/image\/","url":"https:\/\/radeimo.lt\/wp-content\/uploads\/2025\/07\/icon.png","contentUrl":"https:\/\/radeimo.lt\/wp-content\/uploads\/2025\/07\/icon.png","width":538,"height":536,"caption":"Radeimo Solutions"},"image":{"@id":"https:\/\/radeimo.lt\/#\/schema\/logo\/image\/"},"sameAs":["http:\/\/facebook.com\/Radeimo","http:\/\/www.linkedin.com\/in\/gvidasbaltrusaitis","https:\/\/www.tiktok.com\/@radeimosolutions","https:\/\/www.youtube.com\/@Radeimo","https:\/\/www.instagram.com\/radeimosolutions"],"description":"Radeimo Solutions - website development and maintenance. WordPress, SEO, speed, security and easy management. From idea to result.","email":"gvidas@radeimo.lt","telephone":"+370 638 18734","legalName":"Radeimo Solutions","foundingDate":"2024-08-16","numberOfEmployees":{"@type":"QuantitativeValue","minValue":"1","maxValue":"10"}}]}},"_links":{"self":[{"href":"https:\/\/radeimo.lt\/en\/wp-json\/wp\/v2\/pages\/183","targetHints":{"allow":["GET"]}}],"collection":[{"href":"https:\/\/radeimo.lt\/en\/wp-json\/wp\/v2\/pages"}],"about":[{"href":"https:\/\/radeimo.lt\/en\/wp-json\/wp\/v2\/types\/page"}],"author":[{"embeddable":true,"href":"https:\/\/radeimo.lt\/en\/wp-json\/wp\/v2\/users\/1"}],"replies":[{"embeddable":true,"href":"https:\/\/radeimo.lt\/en\/wp-json\/wp\/v2\/comments?post=183"}],"version-history":[{"count":0,"href":"https:\/\/radeimo.lt\/en\/wp-json\/wp\/v2\/pages\/183\/revisions"}],"wp:attachment":[{"href":"https:\/\/radeimo.lt\/en\/wp-json\/wp\/v2\/media?parent=183"}],"curies":[{"name":"wp","href":"https:\/\/api.w.org\/{rel}","templated":true}]}}