{"id":191,"date":"2025-07-29T02:12:55","date_gmt":"2025-07-28T23:12:55","guid":{"rendered":"https:\/\/lightsalmon-partridge-472279.hostingersite.com\/?page_id=191"},"modified":"2025-08-28T22:19:28","modified_gmt":"2025-08-28T19:19:28","slug":"cookie-policy","status":"publish","type":"page","link":"https:\/\/radeimo.lt\/en\/slapuku-politika\/","title":{"rendered":"Cookie Policy"},"content":{"rendered":"<div data-elementor-type=\"wp-page\" data-elementor-id=\"191\" class=\"elementor elementor-191\" data-elementor-post-type=\"page\">\n\t\t\t\t<div class=\"elementor-element elementor-element-8ac3d74 e-flex e-con-boxed e-con e-parent\" data-id=\"8ac3d74\" data-element_type=\"container\" data-e-type=\"container\" data-settings=\"{&quot;background_background&quot;:&quot;gradient&quot;}\">\n\t\t\t\t\t<div class=\"e-con-inner\">\n\t\t<div class=\"elementor-element elementor-element-c5028ae e-con-full e-flex e-con e-child\" data-id=\"c5028ae\" data-element_type=\"container\" data-e-type=\"container\">\n\t\t\t\t<div class=\"elementor-element elementor-element-bd3e67e elementor-widget elementor-widget-heading\" data-id=\"bd3e67e\" data-element_type=\"widget\" data-e-type=\"widget\" data-widget_type=\"heading.default\">\n\t\t\t\t\t<h1 class=\"elementor-heading-title elementor-size-default\">Cookie Policy<\/h1>\t\t\t\t<\/div>\n\t\t\t\t<div class=\"elementor-element elementor-element-9b36dbc elementor-widget elementor-widget-heading\" data-id=\"9b36dbc\" data-element_type=\"widget\" data-e-type=\"widget\" data-widget_type=\"heading.default\">\n\t\t\t\t\t<p class=\"elementor-heading-title elementor-size-default\">Last updated: 2025-07-19<\/p>\t\t\t\t<\/div>\n\t\t\t\t<div class=\"elementor-element elementor-element-8674634 elementor-widget elementor-widget-text-editor\" data-id=\"8674634\" data-element_type=\"widget\" data-e-type=\"widget\" data-widget_type=\"text-editor.default\">\n\t\t\t\t\t\t\t\t\t<p>This Cookie Policy explains how Radeimo Solutions uses cookies on the website <a href=\"https:\/\/radeimo.lt\/en\/\">www.radeimo.lt<\/a><\/p>\t\t\t\t\t\t\t\t<\/div>\n\t\t\t\t<\/div>\n\t\t<div class=\"elementor-element elementor-element-b3b03d5 e-con-full e-flex e-con e-child\" data-id=\"b3b03d5\" data-element_type=\"container\" data-e-type=\"container\">\n\t\t\t\t<div class=\"elementor-element elementor-element-7e8df09 elementor-widget elementor-widget-heading\" data-id=\"7e8df09\" data-element_type=\"widget\" data-e-type=\"widget\" data-widget_type=\"heading.default\">\n\t\t\t\t\t<h2 class=\"elementor-heading-title elementor-size-default\">1. What are cookies?<\/h2>\t\t\t\t<\/div>\n\t\t\t\t<div class=\"elementor-element elementor-element-ae07b8c elementor-widget elementor-widget-text-editor\" data-id=\"ae07b8c\" data-element_type=\"widget\" data-e-type=\"widget\" data-widget_type=\"text-editor.default\">\n\t\t\t\t\t\t\t\t\t<p>Cookies are small text files that are placed on your device (computer, phone, tablet) when you visit our website.<br \/>Cookies allow a website to recognise your device, store certain information about your activities and user preferences to make your next browsing experience more convenient.<\/p>\t\t\t\t\t\t\t\t<\/div>\n\t\t\t\t<\/div>\n\t\t<div class=\"elementor-element elementor-element-699b7f7 e-con-full e-flex e-con e-child\" data-id=\"699b7f7\" data-element_type=\"container\" data-e-type=\"container\">\n\t\t\t\t<div class=\"elementor-element elementor-element-6cd11f5 elementor-widget elementor-widget-heading\" data-id=\"6cd11f5\" data-element_type=\"widget\" data-e-type=\"widget\" data-widget_type=\"heading.default\">\n\t\t\t\t\t<h2 class=\"elementor-heading-title elementor-size-default\">2. What cookies do we use?<\/h2>\t\t\t\t<\/div>\n\t\t\t\t<div class=\"elementor-element elementor-element-d7b343a elementor-widget elementor-widget-text-editor\" data-id=\"d7b343a\" data-element_type=\"widget\" data-e-type=\"widget\" data-widget_type=\"text-editor.default\">\n\t\t\t\t\t\t\t\t\t<ul><li><strong>Strictly necessary cookies<\/strong> - required for basic website functions (e.g. cart management, login). Without them, the website will not function properly.<\/li><li><strong>Functional cookies<\/strong> - improve your experience on the website by remembering your preferences (e.g. language preferences, password login).<\/li><li><strong>Analytical cookies<\/strong> - used to collect statistical information about website traffic and to analyse and improve website usage. They are used only with your consent.<\/li><li><strong>Marketing (tracking) cookies<\/strong> - allows you to display tailored offers or advertisements. <strong>We do not use them at the moment. If we start using them, we will inform you and ask for your consent.<\/strong><\/li><\/ul>\t\t\t\t\t\t\t\t<\/div>\n\t\t\t\t<\/div>\n\t\t<div class=\"elementor-element elementor-element-ce8faee e-con-full e-flex e-con e-child\" data-id=\"ce8faee\" data-element_type=\"container\" data-e-type=\"container\">\n\t\t\t\t<div class=\"elementor-element elementor-element-28b4e26 elementor-widget elementor-widget-heading\" data-id=\"28b4e26\" data-element_type=\"widget\" data-e-type=\"widget\" data-widget_type=\"heading.default\">\n\t\t\t\t\t<h2 class=\"elementor-heading-title elementor-size-default\">3. Why do we use cookies?<\/h2>\t\t\t\t<\/div>\n\t\t\t\t<div class=\"elementor-element elementor-element-eed9281 elementor-widget elementor-widget-text-editor\" data-id=\"eed9281\" data-element_type=\"widget\" data-e-type=\"widget\" data-widget_type=\"text-editor.default\">\n\t\t\t\t\t\t\t\t\t<p>- Ensuring the proper functioning of the website<br \/>- Tailor the website to your needs<br \/>- Improve your browsing experience<br \/>- Analysing traffic statistics (only with your consent)<br \/>- Ensuring website security<\/p>\t\t\t\t\t\t\t\t<\/div>\n\t\t\t\t<\/div>\n\t\t<div class=\"elementor-element elementor-element-095ac79 e-con-full e-flex e-con e-child\" data-id=\"095ac79\" data-element_type=\"container\" data-e-type=\"container\">\n\t\t\t\t<div class=\"elementor-element elementor-element-89822ed elementor-widget elementor-widget-heading\" data-id=\"89822ed\" data-element_type=\"widget\" data-e-type=\"widget\" data-widget_type=\"heading.default\">\n\t\t\t\t\t<h2 class=\"elementor-heading-title elementor-size-default\">4. How can you manage cookies?<\/h2>\t\t\t\t<\/div>\n\t\t\t\t<div class=\"elementor-element elementor-element-58f673b elementor-widget elementor-widget-text-editor\" data-id=\"58f673b\" data-element_type=\"widget\" data-e-type=\"widget\" data-widget_type=\"text-editor.default\">\n\t\t\t\t\t\t\t\t\t<p>- You can manage or delete cookies through your browser settings.<br \/>- You can set your browser not to accept any type of cookie or to inform you about the use of cookies.<br \/>- Please note that disabling essential cookies may limit the functionality of the website.<\/p>\t\t\t\t\t\t\t\t<\/div>\n\t\t\t\t<\/div>\n\t\t<div class=\"elementor-element elementor-element-1362238 e-con-full e-flex e-con e-child\" data-id=\"1362238\" data-element_type=\"container\" data-e-type=\"container\">\n\t\t\t\t<div class=\"elementor-element elementor-element-a0ca03d elementor-widget elementor-widget-heading\" data-id=\"a0ca03d\" data-element_type=\"widget\" data-e-type=\"widget\" data-widget_type=\"heading.default\">\n\t\t\t\t\t<h2 class=\"elementor-heading-title elementor-size-default\">5. How do we get your consent?<\/h2>\t\t\t\t<\/div>\n\t\t\t\t<div class=\"elementor-element elementor-element-be63721 elementor-widget elementor-widget-text-editor\" data-id=\"be63721\" data-element_type=\"widget\" data-e-type=\"widget\" data-widget_type=\"text-editor.default\">\n\t\t\t\t\t\t\t\t\t<p>Analytical or marketing cookies are only used with your explicit consent, which you can revoke at any time via the cookie management tool or your browser settings.<\/p>\t\t\t\t\t\t\t\t<\/div>\n\t\t\t\t<\/div>\n\t\t<div class=\"elementor-element elementor-element-692ac0e e-con-full e-flex e-con e-child\" data-id=\"692ac0e\" data-element_type=\"container\" data-e-type=\"container\">\n\t\t\t\t<div class=\"elementor-element elementor-element-cc4ca63 elementor-widget elementor-widget-heading\" data-id=\"cc4ca63\" data-element_type=\"widget\" data-e-type=\"widget\" data-widget_type=\"heading.default\">\n\t\t\t\t\t<h2 class=\"elementor-heading-title elementor-size-default\">6. Changes to the Cookie Policy<\/h2>\t\t\t\t<\/div>\n\t\t\t\t<div class=\"elementor-element elementor-element-588ff7f elementor-widget elementor-widget-text-editor\" data-id=\"588ff7f\" data-element_type=\"widget\" data-e-type=\"widget\" data-widget_type=\"text-editor.default\">\n\t\t\t\t\t\t\t\t\t<p>This policy is subject to change. The latest version is always available on the website <a href=\"https:\/\/radeimo.lt\/en\/\">www.radeimo.lt<\/a><br \/>We recommend that you review it periodically.<br \/>We will always notify you of material changes to our cookie policy by email if you are our customer or have provided your contact details.<\/p>\t\t\t\t\t\t\t\t<\/div>\n\t\t\t\t<\/div>\n\t\t<div class=\"elementor-element elementor-element-17dbf70 e-con-full e-flex e-con e-child\" data-id=\"17dbf70\" data-element_type=\"container\" data-e-type=\"container\">\n\t\t\t\t<div class=\"elementor-element elementor-element-599d222 elementor-widget elementor-widget-heading\" data-id=\"599d222\" data-element_type=\"widget\" data-e-type=\"widget\" data-widget_type=\"heading.default\">\n\t\t\t\t\t<h2 class=\"elementor-heading-title elementor-size-default\">7. Contact us about the use of cookies<\/h2>\t\t\t\t<\/div>\n\t\t\t\t<div class=\"elementor-element elementor-element-559a783 elementor-widget elementor-widget-text-editor\" data-id=\"559a783\" data-element_type=\"widget\" data-e-type=\"widget\" data-widget_type=\"text-editor.default\">\n\t\t\t\t\t\t\t\t\t<p><span style=\"color: #b30500;\"><strong>Radeimo Solutions<\/strong><\/span><br \/>E-mail: info@radeimo.lt<br \/>Tel: +370 638 18734<\/p>\t\t\t\t\t\t\t\t<\/div>\n\t\t\t\t<\/div>\n\t\t<div class=\"elementor-element elementor-element-4caa2c3 e-con-full e-flex e-con e-child\" data-id=\"4caa2c3\" data-element_type=\"container\" data-e-type=\"container\">\n\t\t\t\t<\/div>\n\t\t\t\t\t<\/div>\n\t\t\t\t<\/div>\n\t\t\t\t<\/div>","protected":false},"excerpt":{"rendered":"<p>Slapuk\u0173 politika Paskutin\u012f kart\u0105 atnaujinta: 2025-07-19 \u0160ioje slapuk\u0173 politikoje paai\u0161kinama, kaip Radeimo Solutions naudoja slapukus svetain\u0117je www.radeimo.lt 1. Kas yra slapukai? Slapukai \u2013 tai nedidel\u0117s tekstin\u0117s rinkmenos, kurios \u012fra\u0161omos \u012f j\u016bs\u0173 \u012frengin\u012f (kompiuter\u012f, telefon\u0105, plan\u0161etin\u012f kompiuter\u012f), kai lankot\u0117s m\u016bs\u0173 svetain\u0117je.Slapukai leid\u017eia svetainei atpa\u017einti j\u016bs\u0173 \u012frengin\u012f, i\u0161saugoti tam tikr\u0105 informacij\u0105 apie j\u016bs\u0173 veikl\u0105 ir naudotojo nustatymus, [&hellip;]<\/p>\n","protected":false},"author":1,"featured_media":0,"parent":0,"menu_order":0,"comment_status":"closed","ping_status":"closed","template":"elementor_header_footer","meta":{"_acf_changed":false,"footnotes":""},"class_list":["post-191","page","type-page","status-publish","hentry"],"acf":[],"yoast_head":"<!-- This site is optimized with the Yoast SEO Premium plugin v27.0 (Yoast SEO v27.2) - https:\/\/yoast.com\/product\/yoast-seo-premium-wordpress\/ -->\n<title>Slapuk\u0173 politika \u2013 kokie slapukai naudojami ir kod\u0117l<\/title>\n<meta name=\"description\" content=\"Slapuk\u0173 politika: su\u017einokite, kas yra slapukai, kokie naudojami, kod\u0117l jie reikalingi ir kaip galite valdyti j\u0173 nustatymus svetain\u0117je.\" \/>\n<meta name=\"robots\" content=\"index, follow, max-snippet:-1, max-image-preview:large, max-video-preview:-1\" \/>\n<link rel=\"canonical\" href=\"https:\/\/radeimo.lt\/en\/cookie-policy\/\" \/>\n<meta property=\"og:locale\" content=\"en_GB\" \/>\n<meta property=\"og:type\" content=\"article\" \/>\n<meta property=\"og:title\" content=\"Slapuk\u0173 politika\" \/>\n<meta property=\"og:description\" content=\"Slapuk\u0173 politika: su\u017einokite, kas yra slapukai, kokie naudojami, kod\u0117l jie reikalingi ir kaip galite valdyti j\u0173 nustatymus svetain\u0117je.\" \/>\n<meta property=\"og:url\" content=\"https:\/\/radeimo.lt\/en\/cookie-policy\/\" \/>\n<meta property=\"og:site_name\" content=\"Radeimo\" \/>\n<meta property=\"article:publisher\" content=\"http:\/\/facebook.com\/Radeimo\" \/>\n<meta property=\"article:modified_time\" content=\"2025-08-28T19:19:28+00:00\" \/>\n<meta property=\"og:image\" content=\"https:\/\/radeimo.lt\/wp-content\/uploads\/2025\/11\/Radeimo_Solutions.png\" \/>\n\t<meta property=\"og:image:width\" content=\"1200\" \/>\n\t<meta property=\"og:image:height\" content=\"675\" \/>\n\t<meta property=\"og:image:type\" content=\"image\/png\" \/>\n<meta name=\"twitter:card\" content=\"summary_large_image\" \/>\n<meta name=\"twitter:label1\" content=\"Estimated reading time\" \/>\n\t<meta name=\"twitter:data1\" content=\"2 minutes\" \/>\n<script type=\"application\/ld+json\" class=\"yoast-schema-graph\">{\"@context\":\"https:\/\/schema.org\",\"@graph\":[{\"@type\":\"WebPage\",\"@id\":\"https:\/\/radeimo.lt\/slapuku-politika\/\",\"url\":\"https:\/\/radeimo.lt\/slapuku-politika\/\",\"name\":\"Slapuk\u0173 politika \u2013 kokie slapukai naudojami ir kod\u0117l\",\"isPartOf\":{\"@id\":\"https:\/\/radeimo.lt\/#website\"},\"datePublished\":\"2025-07-28T23:12:55+00:00\",\"dateModified\":\"2025-08-28T19:19:28+00:00\",\"description\":\"Slapuk\u0173 politika: su\u017einokite, kas yra slapukai, kokie naudojami, kod\u0117l jie reikalingi ir kaip galite valdyti j\u0173 nustatymus svetain\u0117je.\",\"breadcrumb\":{\"@id\":\"https:\/\/radeimo.lt\/slapuku-politika\/#breadcrumb\"},\"inLanguage\":\"en-GB\",\"potentialAction\":[{\"@type\":\"ReadAction\",\"target\":[\"https:\/\/radeimo.lt\/slapuku-politika\/\"]}]},{\"@type\":\"BreadcrumbList\",\"@id\":\"https:\/\/radeimo.lt\/slapuku-politika\/#breadcrumb\",\"itemListElement\":[{\"@type\":\"ListItem\",\"position\":1,\"name\":\"Prad\u017eia\",\"item\":\"https:\/\/radeimo.lt\/\"},{\"@type\":\"ListItem\",\"position\":2,\"name\":\"Slapuk\u0173 politika\"}]},{\"@type\":\"WebSite\",\"@id\":\"https:\/\/radeimo.lt\/#website\",\"url\":\"https:\/\/radeimo.lt\/\",\"name\":\"Radeimo Solutions\",\"description\":\"Kokyb\u0117, kuri\u0105 klientai jau\u010dia, o Google mato\",\"publisher\":{\"@id\":\"https:\/\/radeimo.lt\/#organization\"},\"alternateName\":\"Radeimo\",\"potentialAction\":[{\"@type\":\"SearchAction\",\"target\":{\"@type\":\"EntryPoint\",\"urlTemplate\":\"https:\/\/radeimo.lt\/?s={search_term_string}\"},\"query-input\":{\"@type\":\"PropertyValueSpecification\",\"valueRequired\":true,\"valueName\":\"search_term_string\"}}],\"inLanguage\":\"en-GB\"},{\"@type\":\"Organization\",\"@id\":\"https:\/\/radeimo.lt\/#organization\",\"name\":\"Radeimo Solutions\",\"alternateName\":\"Radeimo\",\"url\":\"https:\/\/radeimo.lt\/\",\"logo\":{\"@type\":\"ImageObject\",\"inLanguage\":\"en-GB\",\"@id\":\"https:\/\/radeimo.lt\/#\/schema\/logo\/image\/\",\"url\":\"https:\/\/radeimo.lt\/wp-content\/uploads\/2025\/07\/icon.png\",\"contentUrl\":\"https:\/\/radeimo.lt\/wp-content\/uploads\/2025\/07\/icon.png\",\"width\":538,\"height\":536,\"caption\":\"Radeimo Solutions\"},\"image\":{\"@id\":\"https:\/\/radeimo.lt\/#\/schema\/logo\/image\/\"},\"sameAs\":[\"http:\/\/facebook.com\/Radeimo\",\"http:\/\/www.linkedin.com\/in\/gvidasbaltrusaitis\",\"https:\/\/www.tiktok.com\/@radeimosolutions\",\"https:\/\/www.youtube.com\/@Radeimo\",\"https:\/\/www.instagram.com\/radeimosolutions\"],\"description\":\"Radeimo Solutions \u2013 svetaini\u0173 k\u016brimas ir prie\u017ei\u016bra. WordPress, SEO, greitis, saugumas ir patogus valdymas. Nuo id\u0117jos iki rezultato.\",\"email\":\"gvidas@radeimo.lt\",\"telephone\":\"+370 638 18734\",\"legalName\":\"Radeimo Solutions\",\"foundingDate\":\"2024-08-16\",\"numberOfEmployees\":{\"@type\":\"QuantitativeValue\",\"minValue\":\"1\",\"maxValue\":\"10\"}}]}<\/script>\n<!-- \/ Yoast SEO Premium plugin. -->","yoast_head_json":{"title":"Cookie policy - what cookies are used and why","description":"Cookie policy: find out what cookies are, what they are used for, why they are needed and how you can manage their settings on the website.","robots":{"index":"index","follow":"follow","max-snippet":"max-snippet:-1","max-image-preview":"max-image-preview:large","max-video-preview":"max-video-preview:-1"},"canonical":"https:\/\/radeimo.lt\/en\/cookie-policy\/","og_locale":"en_GB","og_type":"article","og_title":"Slapuk\u0173 politika","og_description":"Slapuk\u0173 politika: su\u017einokite, kas yra slapukai, kokie naudojami, kod\u0117l jie reikalingi ir kaip galite valdyti j\u0173 nustatymus svetain\u0117je.","og_url":"https:\/\/radeimo.lt\/en\/cookie-policy\/","og_site_name":"Radeimo","article_publisher":"http:\/\/facebook.com\/Radeimo","article_modified_time":"2025-08-28T19:19:28+00:00","og_image":[{"width":1200,"height":675,"url":"https:\/\/radeimo.lt\/wp-content\/uploads\/2025\/11\/Radeimo_Solutions.png","type":"image\/png"}],"twitter_card":"summary_large_image","twitter_misc":{"Estimated reading time":"2 minutes"},"schema":{"@context":"https:\/\/schema.org","@graph":[{"@type":"WebPage","@id":"https:\/\/radeimo.lt\/slapuku-politika\/","url":"https:\/\/radeimo.lt\/slapuku-politika\/","name":"Cookie policy - what cookies are used and why","isPartOf":{"@id":"https:\/\/radeimo.lt\/#website"},"datePublished":"2025-07-28T23:12:55+00:00","dateModified":"2025-08-28T19:19:28+00:00","description":"Cookie policy: find out what cookies are, what they are used for, why they are needed and how you can manage their settings on the website.","breadcrumb":{"@id":"https:\/\/radeimo.lt\/slapuku-politika\/#breadcrumb"},"inLanguage":"en-GB","potentialAction":[{"@type":"ReadAction","target":["https:\/\/radeimo.lt\/slapuku-politika\/"]}]},{"@type":"BreadcrumbList","@id":"https:\/\/radeimo.lt\/slapuku-politika\/#breadcrumb","itemListElement":[{"@type":"ListItem","position":1,"name":"Prad\u017eia","item":"https:\/\/radeimo.lt\/"},{"@type":"ListItem","position":2,"name":"Slapuk\u0173 politika"}]},{"@type":"WebSite","@id":"https:\/\/radeimo.lt\/#website","url":"https:\/\/radeimo.lt\/","name":"Radeimo Solutions","description":"Quality felt by clients, seen by Google","publisher":{"@id":"https:\/\/radeimo.lt\/#organization"},"alternateName":"Radeimo","potentialAction":[{"@type":"SearchAction","target":{"@type":"EntryPoint","urlTemplate":"https:\/\/radeimo.lt\/?s={search_term_string}"},"query-input":{"@type":"PropertyValueSpecification","valueRequired":true,"valueName":"search_term_string"}}],"inLanguage":"en-GB"},{"@type":"Organization","@id":"https:\/\/radeimo.lt\/#organization","name":"Radeimo Solutions","alternateName":"Radeimo","url":"https:\/\/radeimo.lt\/","logo":{"@type":"ImageObject","inLanguage":"en-GB","@id":"https:\/\/radeimo.lt\/#\/schema\/logo\/image\/","url":"https:\/\/radeimo.lt\/wp-content\/uploads\/2025\/07\/icon.png","contentUrl":"https:\/\/radeimo.lt\/wp-content\/uploads\/2025\/07\/icon.png","width":538,"height":536,"caption":"Radeimo Solutions"},"image":{"@id":"https:\/\/radeimo.lt\/#\/schema\/logo\/image\/"},"sameAs":["http:\/\/facebook.com\/Radeimo","http:\/\/www.linkedin.com\/in\/gvidasbaltrusaitis","https:\/\/www.tiktok.com\/@radeimosolutions","https:\/\/www.youtube.com\/@Radeimo","https:\/\/www.instagram.com\/radeimosolutions"],"description":"Radeimo Solutions - website development and maintenance. WordPress, SEO, speed, security and easy management. From idea to result.","email":"gvidas@radeimo.lt","telephone":"+370 638 18734","legalName":"Radeimo Solutions","foundingDate":"2024-08-16","numberOfEmployees":{"@type":"QuantitativeValue","minValue":"1","maxValue":"10"}}]}},"_links":{"self":[{"href":"https:\/\/radeimo.lt\/en\/wp-json\/wp\/v2\/pages\/191","targetHints":{"allow":["GET"]}}],"collection":[{"href":"https:\/\/radeimo.lt\/en\/wp-json\/wp\/v2\/pages"}],"about":[{"href":"https:\/\/radeimo.lt\/en\/wp-json\/wp\/v2\/types\/page"}],"author":[{"embeddable":true,"href":"https:\/\/radeimo.lt\/en\/wp-json\/wp\/v2\/users\/1"}],"replies":[{"embeddable":true,"href":"https:\/\/radeimo.lt\/en\/wp-json\/wp\/v2\/comments?post=191"}],"version-history":[{"count":0,"href":"https:\/\/radeimo.lt\/en\/wp-json\/wp\/v2\/pages\/191\/revisions"}],"wp:attachment":[{"href":"https:\/\/radeimo.lt\/en\/wp-json\/wp\/v2\/media?parent=191"}],"curies":[{"name":"wp","href":"https:\/\/api.w.org\/{rel}","templated":true}]}}