{"id":604,"date":"2025-08-12T22:29:00","date_gmt":"2025-08-12T19:29:00","guid":{"rendered":"https:\/\/radeimo.lt\/?page_id=604"},"modified":"2025-11-03T01:22:16","modified_gmt":"2025-11-02T22:22:16","slug":"knowledge-centre","status":"publish","type":"page","link":"https:\/\/radeimo.lt\/en\/ziniu-centras\/","title":{"rendered":"Knowledge Centre"},"content":{"rendered":"","protected":false},"excerpt":{"rendered":"","protected":false},"author":1,"featured_media":0,"parent":0,"menu_order":0,"comment_status":"closed","ping_status":"closed","template":"elementor_header_footer","meta":{"_acf_changed":false,"footnotes":""},"class_list":["post-604","page","type-page","status-publish","hentry"],"acf":[],"yoast_head":"<!-- This site is optimized with the Yoast SEO Premium plugin v27.0 (Yoast SEO v27.2) - https:\/\/yoast.com\/product\/yoast-seo-premium-wordpress\/ -->\n<title>Ziniu centras - Kokyb\u0117, kuri\u0105 klientai jau\u010dia, o Google mato<\/title>\n<meta name=\"robots\" content=\"noindex, follow\" \/>\n<meta property=\"og:locale\" content=\"en_GB\" \/>\n<meta property=\"og:type\" content=\"article\" \/>\n<meta property=\"og:title\" content=\"Ziniu centras\" \/>\n<meta property=\"og:url\" content=\"https:\/\/radeimo.lt\/en\/knowledge-centre\/\" \/>\n<meta property=\"og:site_name\" content=\"Radeimo\" \/>\n<meta property=\"article:publisher\" content=\"http:\/\/facebook.com\/Radeimo\" \/>\n<meta property=\"article:modified_time\" content=\"2025-11-02T22:22:16+00:00\" \/>\n<meta property=\"og:image\" content=\"https:\/\/radeimo.lt\/wp-content\/uploads\/2025\/11\/Radeimo_Solutions.png\" \/>\n\t<meta property=\"og:image:width\" content=\"1200\" \/>\n\t<meta property=\"og:image:height\" content=\"675\" \/>\n\t<meta property=\"og:image:type\" content=\"image\/png\" \/>\n<meta name=\"twitter:card\" content=\"summary_large_image\" \/>\n<script type=\"application\/ld+json\" class=\"yoast-schema-graph\">{\"@context\":\"https:\/\/schema.org\",\"@graph\":[{\"@type\":\"WebPage\",\"@id\":\"https:\/\/radeimo.lt\/ziniu-centras\/\",\"url\":\"https:\/\/radeimo.lt\/ziniu-centras\/\",\"name\":\"Ziniu centras - Kokyb\u0117, kuri\u0105 klientai jau\u010dia, o Google mato\",\"isPartOf\":{\"@id\":\"https:\/\/radeimo.lt\/#website\"},\"datePublished\":\"2025-08-12T19:29:00+00:00\",\"dateModified\":\"2025-11-02T22:22:16+00:00\",\"breadcrumb\":{\"@id\":\"https:\/\/radeimo.lt\/ziniu-centras\/#breadcrumb\"},\"inLanguage\":\"en-GB\",\"potentialAction\":[{\"@type\":\"ReadAction\",\"target\":[\"https:\/\/radeimo.lt\/ziniu-centras\/\"]}]},{\"@type\":\"BreadcrumbList\",\"@id\":\"https:\/\/radeimo.lt\/ziniu-centras\/#breadcrumb\",\"itemListElement\":[{\"@type\":\"ListItem\",\"position\":1,\"name\":\"Prad\u017eia\",\"item\":\"https:\/\/radeimo.lt\/\"},{\"@type\":\"ListItem\",\"position\":2,\"name\":\"Ziniu centras\"}]},{\"@type\":\"WebSite\",\"@id\":\"https:\/\/radeimo.lt\/#website\",\"url\":\"https:\/\/radeimo.lt\/\",\"name\":\"Radeimo Solutions\",\"description\":\"Kokyb\u0117, kuri\u0105 klientai jau\u010dia, o Google mato\",\"publisher\":{\"@id\":\"https:\/\/radeimo.lt\/#organization\"},\"alternateName\":\"Radeimo\",\"potentialAction\":[{\"@type\":\"SearchAction\",\"target\":{\"@type\":\"EntryPoint\",\"urlTemplate\":\"https:\/\/radeimo.lt\/?s={search_term_string}\"},\"query-input\":{\"@type\":\"PropertyValueSpecification\",\"valueRequired\":true,\"valueName\":\"search_term_string\"}}],\"inLanguage\":\"en-GB\"},{\"@type\":\"Organization\",\"@id\":\"https:\/\/radeimo.lt\/#organization\",\"name\":\"Radeimo Solutions\",\"alternateName\":\"Radeimo\",\"url\":\"https:\/\/radeimo.lt\/\",\"logo\":{\"@type\":\"ImageObject\",\"inLanguage\":\"en-GB\",\"@id\":\"https:\/\/radeimo.lt\/#\/schema\/logo\/image\/\",\"url\":\"https:\/\/radeimo.lt\/wp-content\/uploads\/2025\/07\/icon.png\",\"contentUrl\":\"https:\/\/radeimo.lt\/wp-content\/uploads\/2025\/07\/icon.png\",\"width\":538,\"height\":536,\"caption\":\"Radeimo Solutions\"},\"image\":{\"@id\":\"https:\/\/radeimo.lt\/#\/schema\/logo\/image\/\"},\"sameAs\":[\"http:\/\/facebook.com\/Radeimo\",\"http:\/\/www.linkedin.com\/in\/gvidasbaltrusaitis\",\"https:\/\/www.tiktok.com\/@radeimosolutions\",\"https:\/\/www.youtube.com\/@Radeimo\",\"https:\/\/www.instagram.com\/radeimosolutions\"],\"description\":\"Radeimo Solutions \u2013 svetaini\u0173 k\u016brimas ir prie\u017ei\u016bra. WordPress, SEO, greitis, saugumas ir patogus valdymas. Nuo id\u0117jos iki rezultato.\",\"email\":\"gvidas@radeimo.lt\",\"telephone\":\"+370 638 18734\",\"legalName\":\"Radeimo Solutions\",\"foundingDate\":\"2024-08-16\",\"numberOfEmployees\":{\"@type\":\"QuantitativeValue\",\"minValue\":\"1\",\"maxValue\":\"10\"}}]}<\/script>\n<!-- \/ Yoast SEO Premium plugin. -->","yoast_head_json":{"title":"Knowledge Centre - Quality that customers feel and Google sees","robots":{"index":"noindex","follow":"follow"},"og_locale":"en_GB","og_type":"article","og_title":"Ziniu centras","og_url":"https:\/\/radeimo.lt\/en\/knowledge-centre\/","og_site_name":"Radeimo","article_publisher":"http:\/\/facebook.com\/Radeimo","article_modified_time":"2025-11-02T22:22:16+00:00","og_image":[{"width":1200,"height":675,"url":"https:\/\/radeimo.lt\/wp-content\/uploads\/2025\/11\/Radeimo_Solutions.png","type":"image\/png"}],"twitter_card":"summary_large_image","schema":{"@context":"https:\/\/schema.org","@graph":[{"@type":"WebPage","@id":"https:\/\/radeimo.lt\/ziniu-centras\/","url":"https:\/\/radeimo.lt\/ziniu-centras\/","name":"Knowledge Centre - Quality that customers feel and Google sees","isPartOf":{"@id":"https:\/\/radeimo.lt\/#website"},"datePublished":"2025-08-12T19:29:00+00:00","dateModified":"2025-11-02T22:22:16+00:00","breadcrumb":{"@id":"https:\/\/radeimo.lt\/ziniu-centras\/#breadcrumb"},"inLanguage":"en-GB","potentialAction":[{"@type":"ReadAction","target":["https:\/\/radeimo.lt\/ziniu-centras\/"]}]},{"@type":"BreadcrumbList","@id":"https:\/\/radeimo.lt\/ziniu-centras\/#breadcrumb","itemListElement":[{"@type":"ListItem","position":1,"name":"Prad\u017eia","item":"https:\/\/radeimo.lt\/"},{"@type":"ListItem","position":2,"name":"Ziniu centras"}]},{"@type":"WebSite","@id":"https:\/\/radeimo.lt\/#website","url":"https:\/\/radeimo.lt\/","name":"Radeimo Solutions","description":"Quality felt by clients, seen by Google","publisher":{"@id":"https:\/\/radeimo.lt\/#organization"},"alternateName":"Radeimo","potentialAction":[{"@type":"SearchAction","target":{"@type":"EntryPoint","urlTemplate":"https:\/\/radeimo.lt\/?s={search_term_string}"},"query-input":{"@type":"PropertyValueSpecification","valueRequired":true,"valueName":"search_term_string"}}],"inLanguage":"en-GB"},{"@type":"Organization","@id":"https:\/\/radeimo.lt\/#organization","name":"Radeimo Solutions","alternateName":"Radeimo","url":"https:\/\/radeimo.lt\/","logo":{"@type":"ImageObject","inLanguage":"en-GB","@id":"https:\/\/radeimo.lt\/#\/schema\/logo\/image\/","url":"https:\/\/radeimo.lt\/wp-content\/uploads\/2025\/07\/icon.png","contentUrl":"https:\/\/radeimo.lt\/wp-content\/uploads\/2025\/07\/icon.png","width":538,"height":536,"caption":"Radeimo Solutions"},"image":{"@id":"https:\/\/radeimo.lt\/#\/schema\/logo\/image\/"},"sameAs":["http:\/\/facebook.com\/Radeimo","http:\/\/www.linkedin.com\/in\/gvidasbaltrusaitis","https:\/\/www.tiktok.com\/@radeimosolutions","https:\/\/www.youtube.com\/@Radeimo","https:\/\/www.instagram.com\/radeimosolutions"],"description":"Radeimo Solutions - website development and maintenance. WordPress, SEO, speed, security and easy management. From idea to result.","email":"gvidas@radeimo.lt","telephone":"+370 638 18734","legalName":"Radeimo Solutions","foundingDate":"2024-08-16","numberOfEmployees":{"@type":"QuantitativeValue","minValue":"1","maxValue":"10"}}]}},"_links":{"self":[{"href":"https:\/\/radeimo.lt\/en\/wp-json\/wp\/v2\/pages\/604","targetHints":{"allow":["GET"]}}],"collection":[{"href":"https:\/\/radeimo.lt\/en\/wp-json\/wp\/v2\/pages"}],"about":[{"href":"https:\/\/radeimo.lt\/en\/wp-json\/wp\/v2\/types\/page"}],"author":[{"embeddable":true,"href":"https:\/\/radeimo.lt\/en\/wp-json\/wp\/v2\/users\/1"}],"replies":[{"embeddable":true,"href":"https:\/\/radeimo.lt\/en\/wp-json\/wp\/v2\/comments?post=604"}],"version-history":[{"count":0,"href":"https:\/\/radeimo.lt\/en\/wp-json\/wp\/v2\/pages\/604\/revisions"}],"wp:attachment":[{"href":"https:\/\/radeimo.lt\/en\/wp-json\/wp\/v2\/media?parent=604"}],"curies":[{"name":"wp","href":"https:\/\/api.w.org\/{rel}","templated":true}]}}